{"id":33,"date":"2020-06-02T15:24:56","date_gmt":"2020-06-02T13:24:56","guid":{"rendered":"http:\/\/anobi.pl\/?page_id=33"},"modified":"2021-05-05T10:28:09","modified_gmt":"2021-05-05T08:28:09","slug":"galeria","status":"publish","type":"page","link":"https:\/\/www.radca-radom.pl\/en\/galeria\/","title":{"rendered":"Photos"},"content":{"rendered":"<div data-elementor-type=\"wp-page\" data-elementor-id=\"33\" class=\"elementor elementor-33\" data-elementor-settings=\"[]\">\n\t\t\t\t\t\t<div class=\"elementor-inner\">\n\t\t\t\t\t\t\t<div class=\"elementor-section-wrap\">\n\t\t\t\t\t\t\t<section class=\"elementor-section elementor-top-section elementor-element elementor-element-424df425 elementor-section-boxed elementor-section-height-default elementor-section-height-default\" data-id=\"424df425\" data-element_type=\"section\">\n\t\t\t\t\t\t<div class=\"elementor-container elementor-column-gap-no\">\n\t\t\t\t\t\t\t<div class=\"elementor-row\">\n\t\t\t\t\t<div class=\"elementor-column elementor-col-100 elementor-top-column elementor-element elementor-element-56b3d9df\" data-id=\"56b3d9df\" data-element_type=\"column\">\n\t\t\t<div class=\"elementor-column-wrap elementor-element-populated\">\n\t\t\t\t\t\t\t<div class=\"elementor-widget-wrap\">\n\t\t\t\t\t\t<div class=\"elementor-element elementor-element-140d762f d-home-slider-titile elementor--h-position-center elementor--v-position-middle elementor-arrows-position-inside elementor-widget elementor-widget-slides\" data-id=\"140d762f\" data-element_type=\"widget\" data-settings=\"{&quot;navigation&quot;:&quot;arrows&quot;,&quot;autoplay&quot;:&quot;yes&quot;,&quot;pause_on_hover&quot;:&quot;yes&quot;,&quot;pause_on_interaction&quot;:&quot;yes&quot;,&quot;autoplay_speed&quot;:5000,&quot;infinite&quot;:&quot;yes&quot;,&quot;transition&quot;:&quot;slide&quot;,&quot;transition_speed&quot;:500}\" data-widget_type=\"slides.default\">\n\t\t\t\t<div class=\"elementor-widget-container\">\n\t\t\t\t\t<div class=\"elementor-swiper\">\n\t\t\t<div class=\"elementor-slides-wrapper elementor-main-swiper swiper-container\" dir=\"ltr\" data-animation=\"fadeInUp\">\n\t\t\t\t<div class=\"swiper-wrapper elementor-slides\">\n\t\t\t\t\t<div class=\"elementor-repeater-item-0d56d3f swiper-slide\"><div class=\"swiper-slide-bg\"><\/div><div class=\"swiper-slide-inner\" ><div class=\"swiper-slide-contents\"><div class=\"elementor-slide-heading\">PHOTOS<\/div><\/div><\/div><\/div>\t\t\t\t<\/div>\n\t\t\t\t\t\t\t<\/div>\n\t\t<\/div>\n\t\t\t\t<\/div>\n\t\t\t\t<\/div>\n\t\t\t\t\t\t<\/div>\n\t\t\t\t\t<\/div>\n\t\t<\/div>\n\t\t\t\t\t\t\t\t<\/div>\n\t\t\t\t\t<\/div>\n\t\t<\/section>\n\t\t\t\t<section class=\"elementor-section elementor-top-section elementor-element elementor-element-454ce81 elementor-section-boxed elementor-section-height-default elementor-section-height-default\" data-id=\"454ce81\" data-element_type=\"section\">\n\t\t\t\t\t\t<div class=\"elementor-container elementor-column-gap-default\">\n\t\t\t\t\t\t\t<div class=\"elementor-row\">\n\t\t\t\t\t<div class=\"elementor-column elementor-col-50 elementor-top-column elementor-element elementor-element-601367d\" data-id=\"601367d\" data-element_type=\"column\">\n\t\t\t<div class=\"elementor-column-wrap elementor-element-populated\">\n\t\t\t\t\t\t\t<div class=\"elementor-widget-wrap\">\n\t\t\t\t\t\t<div class=\"elementor-element elementor-element-83b435c elementor-widget elementor-widget-shortcode\" data-id=\"83b435c\" data-element_type=\"widget\" data-widget_type=\"shortcode.default\">\n\t\t\t\t<div class=\"elementor-widget-container\">\n\t\t\t\t\t<div class=\"elementor-shortcode\"><style>#jtg-203 .modula-item .jtg-social a, .lightbox-socials.jtg-social a{ color: #ffffff }#jtg-203 .modula-item .jtg-social svg, .lightbox-socials.jtg-social svg { height: 16px; width: 16px }#jtg-203 .modula-item .jtg-social a:not(:last-child), .lightbox-socials.jtg-social a:not(:last-child) { margin-right: 10px }#jtg-203 .modula-item .caption { background-color: #ffffff;  }#jtg-203 .modula-item .figc {color:#ffffff;}#jtg-203 .modula-item .modula-item-content { transform: scale(1) }#jtg-203 .modula-items .figc p.description { font-size:14px; }#jtg-203 .modula-items .figc p.description { color:#ffffff;}#jtg-203 .modula-items .figc .jtg-title { color:#ffffff; }#jtg-203.modula-gallery .modula-item > a, #jtg-203.modula-gallery .modula-item, #jtg-203.modula-gallery .modula-item-content > a { cursor:pointer; } @media screen and (max-width:480px){#jtg-203 .modula-item .figc .jtg-title {  font-size: 12px; }#jtg-203 .modula-items .figc p.description { color:#ffffff;font-size:10px; }}<\/style>\n<!-- Gallery Container -->\n<div  id=\"jtg-203\" class=\"modula modula-gallery modula-custom-grid\" data-config=\"{&quot;height&quot;:800,&quot;enableTwitter&quot;:true,&quot;enableWhatsapp&quot;:true,&quot;enableFacebook&quot;:true,&quot;enablePinterest&quot;:true,&quot;enableLinkedin&quot;:true,&quot;enableEmail&quot;:false,&quot;randomFactor&quot;:0.5,&quot;type&quot;:&quot;custom-grid&quot;,&quot;columns&quot;:12,&quot;gutter&quot;:15,&quot;enableResponsive&quot;:&quot;0&quot;,&quot;tabletColumns&quot;:&quot;2&quot;,&quot;mobileColumns&quot;:&quot;1&quot;,&quot;lazyLoad&quot;:&quot;0&quot;,&quot;lightboxOpts&quot;:{&quot;loop&quot;:false,&quot;arrows&quot;:true,&quot;toolbar&quot;:true,&quot;keyboard&quot;:false,&quot;wheel&quot;:false,&quot;buttons&quot;:[&quot;close&quot;],&quot;hash&quot;:false,&quot;lang&quot;:&quot;en&quot;,&quot;touch&quot;:false,&quot;protect&quot;:false,&quot;i18n&quot;:{&quot;en&quot;:{&quot;CLOSE&quot;:&quot;Close&quot;,&quot;NEXT&quot;:&quot;Next&quot;,&quot;PREV&quot;:&quot;Previous&quot;,&quot;Error&quot;:&quot;The requested content cannot be loaded. Please try again later.&quot;,&quot;PLAY_START&quot;:&quot;Start slideshow&quot;,&quot;PLAY_STOP&quot;:&quot;Pause slideshow&quot;,&quot;FULL_SCREEN&quot;:&quot;Full screen&quot;,&quot;THUMBS&quot;:&quot;Thumbnails&quot;,&quot;DOWNLOAD&quot;:&quot;Download&quot;,&quot;SHARE&quot;:&quot;Share&quot;,&quot;ZOOM&quot;:&quot;Zoom&quot;}},&quot;clickSlide&quot;:false,&quot;clickOutside&quot;:false,&quot;dblclickContent&quot;:false,&quot;dblclickSlide&quot;:false,&quot;dblclickOutside&quot;:false,&quot;clickContent&quot;:false},&quot;inView&quot;:false,&quot;email_subject&quot;:&quot;Check out this awesome image !!&quot;,&quot;email_message&quot;:&quot;Here is the link to the image : %%image_link%% and this is the link to the gallery : %%gallery_link%%&quot;,&quot;lightbox&quot;:&quot;fancybox&quot;}\">\n\n\t\n\t<!-- Items Container -->\n\t<div  class=\"modula-items\">\n\t\t<div class=\"modula-item effect-pufrobo\" data-width=\"12\" data-height=\"5\" >\n\t<div class=\"modula-item-overlay\"><\/div>\n\n\t<div class=\"modula-item-content\">\n\n\t\t\t\t\n\t\t\t\t\t<a data-image-id=\"330\" href=\"https:\/\/www.radca-radom.pl\/wp-content\/uploads\/2020\/11\/629A0488.jpg\" data-elementor-open-lightbox=\"no\" rel=\"jtg-203\" data-caption=\"\" class=\"tile-inner modula-item-link\"><\/a>\n\t\t\n\t\t\n\t\t<img class='pic' data-valign=\"middle\" data-halign=\"center\" alt=\"\" data-full=\"http:\/\/anobi.pl\/wp-content\/uploads\/2020\/11\/629A0488.jpg\" src=\"https:\/\/www.radca-radom.pl\/wp-content\/uploads\/2020\/11\/629A0488.jpg\" data-src=\"https:\/\/www.radca-radom.pl\/wp-content\/uploads\/2020\/11\/629A0488.jpg\" data-caption=\"\"\/>\n\n\t\t\n\t\t<div class=\"figc no-description\">\n\t\t\t<div class=\"figc-inner\">\n\t\t\t\t\t\t\t\t\t\t\t\t\t\t\t<\/div>\n\t\t<\/div>\n\n\t<\/div>\n\n<\/div><div class=\"modula-item effect-pufrobo\" data-width=\"4\" data-height=\"3\" >\n\t<div class=\"modula-item-overlay\"><\/div>\n\n\t<div class=\"modula-item-content\">\n\n\t\t\t\t\n\t\t\t\t\t<a data-image-id=\"331\" href=\"https:\/\/www.radca-radom.pl\/wp-content\/uploads\/2020\/06\/Image10.jpeg\" data-elementor-open-lightbox=\"no\" rel=\"jtg-203\" data-caption=\"\" class=\"tile-inner modula-item-link\"><\/a>\n\t\t\n\t\t\n\t\t<img class='pic' data-valign=\"middle\" data-halign=\"center\" alt=\"\" data-full=\"http:\/\/anobi.pl\/wp-content\/uploads\/2020\/06\/Image10.jpeg\" src=\"https:\/\/www.radca-radom.pl\/wp-content\/uploads\/2020\/06\/Image10.jpeg\" data-src=\"https:\/\/www.radca-radom.pl\/wp-content\/uploads\/2020\/06\/Image10.jpeg\" data-caption=\"\"\/>\n\n\t\t\n\t\t<div class=\"figc no-description\">\n\t\t\t<div class=\"figc-inner\">\n\t\t\t\t\t\t\t\t\t\t\t\t\t\t\t<\/div>\n\t\t<\/div>\n\n\t<\/div>\n\n<\/div><div class=\"modula-item effect-pufrobo\" data-width=\"4\" data-height=\"3\" >\n\t<div class=\"modula-item-overlay\"><\/div>\n\n\t<div class=\"modula-item-content\">\n\n\t\t\t\t\n\t\t\t\t\t<a data-image-id=\"332\" href=\"https:\/\/www.radca-radom.pl\/wp-content\/uploads\/2020\/11\/IMG_7778.jpg\" data-elementor-open-lightbox=\"no\" rel=\"jtg-203\" data-caption=\"\" class=\"tile-inner modula-item-link\"><\/a>\n\t\t\n\t\t\n\t\t<img class='pic' data-valign=\"middle\" data-halign=\"center\" alt=\"\" data-full=\"http:\/\/anobi.pl\/wp-content\/uploads\/2020\/11\/IMG_7778.jpg\" src=\"https:\/\/www.radca-radom.pl\/wp-content\/uploads\/2020\/11\/IMG_7778.jpg\" data-src=\"https:\/\/www.radca-radom.pl\/wp-content\/uploads\/2020\/11\/IMG_7778.jpg\" data-caption=\"\"\/>\n\n\t\t\n\t\t<div class=\"figc no-description\">\n\t\t\t<div class=\"figc-inner\">\n\t\t\t\t\t\t\t\t\t\t\t\t\t\t\t<\/div>\n\t\t<\/div>\n\n\t<\/div>\n\n<\/div><div class=\"modula-item effect-pufrobo\" data-width=\"4\" data-height=\"3\" >\n\t<div class=\"modula-item-overlay\"><\/div>\n\n\t<div class=\"modula-item-content\">\n\n\t\t\t\t\n\t\t\t\t\t<a data-image-id=\"315\" href=\"https:\/\/www.radca-radom.pl\/wp-content\/uploads\/2020\/11\/629A0459.jpg\" data-elementor-open-lightbox=\"no\" rel=\"jtg-203\" data-caption=\"\" class=\"tile-inner modula-item-link\"><\/a>\n\t\t\n\t\t\n\t\t<img class='pic' data-valign=\"middle\" data-halign=\"center\" alt=\"\" data-full=\"http:\/\/anobi.pl\/wp-content\/uploads\/2020\/11\/629A0459.jpg\" src=\"https:\/\/www.radca-radom.pl\/wp-content\/uploads\/2020\/11\/629A0459.jpg\" data-src=\"https:\/\/www.radca-radom.pl\/wp-content\/uploads\/2020\/11\/629A0459.jpg\" data-caption=\"\"\/>\n\n\t\t\n\t\t<div class=\"figc no-description\">\n\t\t\t<div class=\"figc-inner\">\n\t\t\t\t\t\t\t\t\t\t\t\t\t\t\t<\/div>\n\t\t<\/div>\n\n\t<\/div>\n\n<\/div>\t\t\n\t<\/div>\n\n\t\n\t\n\t<script type=\"application\/ld+json\">\n\t{\n\t\t\"@context\": \"http:\/\/schema.org\",\n\t\t\"@type\"   : \"ImageGallery\",\n\t\t\"id\"      : \"https:\/\/www.radca-radom.pl\/en\/wp-json\/wp\/v2\/pages\/33\",\n\t\t\"url\"     : \"https:\/\/www.radca-radom.pl\/en\/wp-json\/wp\/v2\/pages\/33\"\n\t}\n\n    <\/script>\n\n\t\n<\/div><\/div>\n\t\t\t\t<\/div>\n\t\t\t\t<\/div>\n\t\t\t\t\t\t<\/div>\n\t\t\t\t\t<\/div>\n\t\t<\/div>\n\t\t\t\t<div class=\"elementor-column elementor-col-50 elementor-top-column elementor-element elementor-element-fedb85b\" data-id=\"fedb85b\" data-element_type=\"column\">\n\t\t\t<div class=\"elementor-column-wrap elementor-element-populated\">\n\t\t\t\t\t\t\t<div class=\"elementor-widget-wrap\">\n\t\t\t\t\t\t<div class=\"elementor-element elementor-element-d3db05e elementor-widget elementor-widget-text-editor\" data-id=\"d3db05e\" data-element_type=\"widget\" data-widget_type=\"text-editor.default\">\n\t\t\t\t<div class=\"elementor-widget-container\">\n\t\t\t\t\t<div class=\"elementor-text-editor elementor-clearfix\"><p><span style=\"font-weight: 400;\">Teamwork and creative use of our lawyers' skills and specializations allow us for comprehensive handling of complex and difficult cases. Our law firm\u2019s team consists of young-spirited talents which, thanks to their passion and determination, cares for every detail, so that the effect of their work is satisfactory to the client. Our team places particular emphasis on diligence, responsibility and empathy.Our team consists of partners, cooperating legal counsels and a group of legal trainees as well as other assisting staff.<\/span><\/p><p><span style=\"font-weight: 400;\">Don\u2019t hesitate to check our offer. We will be happy to find an optimal solution for any legal problem.\u00a0<\/span><\/p><\/div>\n\t\t\t\t<\/div>\n\t\t\t\t<\/div>\n\t\t\t\t\t\t<\/div>\n\t\t\t\t\t<\/div>\n\t\t<\/div>\n\t\t\t\t\t\t\t\t<\/div>\n\t\t\t\t\t<\/div>\n\t\t<\/section>\n\t\t\t\t\t\t<\/div>\n\t\t\t\t\t\t<\/div>\n\t\t\t\t\t<\/div>","protected":false},"excerpt":{"rendered":"<p>GALERIA Praca zespo\u0142owa i kreatywne wykorzystanie specjalizacji naszych prawnik\u00f3w, pozwala na kompleksowe przeprowadzenie skomplikowanych i trudnych spraw. Kancelaria posiada dynamiczny zesp\u00f3\u0142, kt\u00f3ry dzi\u0119ki pasji i determinacji dba o ka\u017cdy szczeg\u00f3\u0142, tak by efekt ich pracy by\u0142 przede wszystkim zadowalaj\u0105cy dla Klienta. Staranno\u015b\u0107, odpowiedzialno\u015b\u0107 i empatia to cechy, na kt\u00f3re nasz zesp\u00f3\u0142 k\u0142adzie szczeg\u00f3lny nacisk. Nasz [&hellip;]<\/p>","protected":false},"author":1,"featured_media":0,"parent":0,"menu_order":0,"comment_status":"closed","ping_status":"closed","template":"","meta":[],"aioseo_notices":[],"_links":{"self":[{"href":"https:\/\/www.radca-radom.pl\/en\/wp-json\/wp\/v2\/pages\/33"}],"collection":[{"href":"https:\/\/www.radca-radom.pl\/en\/wp-json\/wp\/v2\/pages"}],"about":[{"href":"https:\/\/www.radca-radom.pl\/en\/wp-json\/wp\/v2\/types\/page"}],"author":[{"embeddable":true,"href":"https:\/\/www.radca-radom.pl\/en\/wp-json\/wp\/v2\/users\/1"}],"replies":[{"embeddable":true,"href":"https:\/\/www.radca-radom.pl\/en\/wp-json\/wp\/v2\/comments?post=33"}],"version-history":[{"count":16,"href":"https:\/\/www.radca-radom.pl\/en\/wp-json\/wp\/v2\/pages\/33\/revisions"}],"predecessor-version":[{"id":351,"href":"https:\/\/www.radca-radom.pl\/en\/wp-json\/wp\/v2\/pages\/33\/revisions\/351"}],"wp:attachment":[{"href":"https:\/\/www.radca-radom.pl\/en\/wp-json\/wp\/v2\/media?parent=33"}],"curies":[{"name":"wp","href":"https:\/\/api.w.org\/{rel}","templated":true}]}}